{"id":18573,"date":"2022-05-04T23:58:30","date_gmt":"2022-05-04T13:58:30","guid":{"rendered":"https:\/\/projectorigin.coffee\/product\/hon-sasa-sestic-finca-beti-geisha-washed\/"},"modified":"2024-11-05T11:40:37","modified_gmt":"2024-11-05T00:40:37","slug":"hon-sasa-sestic-finca-beti-geisha-washed","status":"publish","type":"product","link":"https:\/\/projectorigin.coffee\/es\/producto\/hon-sasa-sestic-finca-beti-geisha-washed\/","title":{"rendered":"Hon Sasa Sestic, Finca Beti Geisha Lavada"},"content":{"rendered":"<p>{&#8220;id&#8221;:3093,&#8221;attribute_value_ids&#8221;:[64,1,20,30,51],&#8221;product_tmpl_id&#8221;:1568,&#8221;attribute_line_ids&#8221;:[1388,1389,1391,3993,3994,1427,3992,1390],&#8221;description&#8221;:&#8221;https:\/\/projectorigin.coffee\/finca-beti\/&#8221;,&#8221;name&#8221;:&#8221;Hon Sasa Sestic, Finca Beti Geisha Washed&#8221;,&#8221;product_image_ids&#8221;:[],&#8221;product_variant_ids&#8221;:[3093],&#8221;secondary_uom_ids&#8221;:[206],&#8221;x_purchase_internal_notes&#8221;:false,&#8221;account_qty_at_date&#8221;:138,&#8221;display_name&#8221;:&#8221;Hon Sasa Sestic, Finca Beti Geisha Washed (AU4, Stock, Hon, Green, 2021)&#8221;,&#8221;free_qty&#8221;:138,&#8221;immediately_usable_qty&#8221;:138,&#8221;product_template_attribute_value_ids&#8221;:[3724,1500,1502,3725,3726],&#8221;product_variant_count&#8221;:1,&#8221;product_variant_id&#8221;:[3093,&#8221;Hon Sasa Sestic, Finca Beti Geisha Washed (AU4, Stock, Hon, Green, 2021)&#8221;],&#8221;purchased_product_qty&#8221;:0,&#8221;qty_at_date&#8221;:138,&#8221;qty_available&#8221;:138,&#8221;qty_available_not_res&#8221;:138,&#8221;secondary_unit_immediately_usable_qty&#8221;:2,&#8221;secondary_unit_qty_available&#8221;:2,&#8221;secondary_unit_quoted_qty&#8221;:0,&#8221;uom_name&#8221;:&#8221;kg&#8221;,&#8221;virtual_available&#8221;:138,&#8221;website_published&#8221;:true}<\/p>\n","protected":false},"excerpt":{"rendered":"<p>{&#8220;id&#8221;:3093,&#8221;attribute_value_ids&#8221;:[64,1,20,30,51],&#8221;product_tmpl_id&#8221;:1568,&#8221;attribute_line_ids&#8221;:[1388,1389,1391,3993,3994,1427,3992,1390],&#8221;description&#8221;:&#8221;https:\/\/projectorigin.coffee\/finca-beti\/&#8221;,&#8221;name&#8221;:&#8221;Hon Sasa Sestic, Finca Beti Geisha Washed&#8221;,&#8221;product_image_ids&#8221;:[],&#8221;product_variant_ids&#8221;:[3093],&#8221;secondary_uom_ids&#8221;:[206],&#8221;x_purchase_internal_notes&#8221;:false,&#8221;account_qty_at_date&#8221;:138,&#8221;display_name&#8221;:&#8221;Hon Sasa Sestic, Finca Beti Geisha Washed (AU4, Stock, Hon, Green, 2021)&#8221;,&#8221;free_qty&#8221;:138,&#8221;immediately_usable_qty&#8221;:138,&#8221;product_template_attribute_value_ids&#8221;:[3724,1500,1502,3725,3726],&#8221;product_variant_count&#8221;:1,&#8221;product_variant_id&#8221;:[3093,&#8221;Hon Sasa Sestic, Finca Beti Geisha Washed (AU4, Stock, Hon, Green, 2021)&#8221;],&#8221;purchased_product_qty&#8221;:0,&#8221;qty_at_date&#8221;:138,&#8221;qty_available&#8221;:138,&#8221;qty_available_not_res&#8221;:138,&#8221;secondary_unit_immediately_usable_qty&#8221;:2,&#8221;secondary_unit_qty_available&#8221;:2,&#8221;secondary_unit_quoted_qty&#8221;:0,&#8221;uom_name&#8221;:&#8221;kg&#8221;,&#8221;virtual_available&#8221;:138,&#8221;website_published&#8221;:true}<\/p>\n","protected":false},"featured_media":0,"template":"","meta":{"_acf_changed":false,"_eb_attr":""},"product_brand":[],"product_cat":[55],"product_tag":[],"class_list":{"0":"post-18573","1":"product","2":"type-product","3":"status-publish","5":"product_cat-sample","7":"first","8":"instock","9":"taxable","10":"shipping-taxable","11":"purchasable","12":"product-type-simple"},"acf":{"origin":"Honduras","product_label":"Green","unit_of_measure":"kg","year":"2020, 2021","container":"C2, AU4","cupping_notes":"Red Berries, Floral, Citrus, Refined, Red Apple, Black Tea","type":"Stock","process":"Washed","producer":"\u0160asa \u0160esti\u0107","immediately_usable_qty":"138","account_qty_at_date":"138","qty_at_date":"138","qty_available":"138","purchased_product_qty":"0","free_qty":"138","qty_available_not_res":"138","virtual_available":"138","secondary_unit_immediately_usable_qty":"0","secondary_unit_qty_available":"0","default_secondary_unit_for_sales":"Bag-69.0","international_price_pk":"20.00 USD","australian_price_pk":"9.90 AUD","odoo_id":"3093","odoo_product_template_id":"1568","website_published":"1","deleted_odoo":"y","internal_notes":"https:\/\/projectorigin.coffee\/finca-beti\/","secondary_unit_incoming_qty":null,"product_status":null,"coffee_name_japan":null,"new":null,"farm_info_files":null,"origin_japan":null,"product_label_Japan":null,"year_Japan":null,"cupping_notes_Japan":null},"yoast_head":"<!-- This site is optimized with the Yoast SEO plugin v27.4 - https:\/\/yoast.com\/product\/yoast-seo-wordpress\/ -->\n<title>Hon Sasa Sestic, Finca Beti Geisha Washed - Project Origin<\/title>\n<meta name=\"description\" content=\"{&quot;id&quot;:3093,&quot;attribute_value_ids&quot;:,&quot;product_tmpl_id&quot;:1568,&quot;attribute_line_ids&quot;:,&quot;description&quot;:&quot;https:\/\/projectorigin.coffee\/finca-beti\/&quot;,&quot;name&quot;:&quot;Hon Sasa\" \/>\n<meta name=\"robots\" content=\"index, follow, max-snippet:-1, max-image-preview:large, max-video-preview:-1\" \/>\n<link rel=\"canonical\" href=\"https:\/\/projectorigin.coffee\/es\/producto\/hon-sasa-sestic-finca-beti-geisha-washed\/\" \/>\n<meta property=\"og:locale\" content=\"es_ES\" \/>\n<meta property=\"og:type\" content=\"article\" \/>\n<meta property=\"og:title\" content=\"Hon Sasa Sestic, Finca Beti Geisha Washed - Project Origin\" \/>\n<meta property=\"og:description\" content=\"{&quot;id&quot;:3093,&quot;attribute_value_ids&quot;:,&quot;product_tmpl_id&quot;:1568,&quot;attribute_line_ids&quot;:,&quot;description&quot;:&quot;https:\/\/projectorigin.coffee\/finca-beti\/&quot;,&quot;name&quot;:&quot;Hon Sasa\" \/>\n<meta property=\"og:url\" content=\"https:\/\/projectorigin.coffee\/es\/producto\/hon-sasa-sestic-finca-beti-geisha-washed\/\" \/>\n<meta property=\"og:site_name\" content=\"Project Origin\" \/>\n<meta property=\"article:modified_time\" content=\"2024-11-05T00:40:37+00:00\" \/>\n<meta name=\"twitter:card\" content=\"summary_large_image\" \/>\n<meta name=\"twitter:label1\" content=\"Tiempo de lectura\" \/>\n\t<meta name=\"twitter:data1\" content=\"1 minuto\" \/>\n<script type=\"application\/ld+json\" class=\"yoast-schema-graph\">{\"@context\":\"https:\\\/\\\/schema.org\",\"@graph\":[{\"@type\":\"WebPage\",\"@id\":\"https:\\\/\\\/projectorigin.coffee\\\/product\\\/hon-sasa-sestic-finca-beti-geisha-washed\\\/\",\"url\":\"https:\\\/\\\/projectorigin.coffee\\\/product\\\/hon-sasa-sestic-finca-beti-geisha-washed\\\/\",\"name\":\"Hon Sasa Sestic, Finca Beti Geisha Washed - Project Origin\",\"isPartOf\":{\"@id\":\"https:\\\/\\\/projectorigin.coffee\\\/#website\"},\"datePublished\":\"2022-05-04T13:58:30+00:00\",\"dateModified\":\"2024-11-05T00:40:37+00:00\",\"description\":\"{\\\"id\\\":3093,\\\"attribute_value_ids\\\":,\\\"product_tmpl_id\\\":1568,\\\"attribute_line_ids\\\":,\\\"description\\\":\\\"https:\\\/\\\/projectorigin.coffee\\\/finca-beti\\\/\\\",\\\"name\\\":\\\"Hon Sasa\",\"breadcrumb\":{\"@id\":\"https:\\\/\\\/projectorigin.coffee\\\/product\\\/hon-sasa-sestic-finca-beti-geisha-washed\\\/#breadcrumb\"},\"inLanguage\":\"es-CO\",\"potentialAction\":[{\"@type\":\"ReadAction\",\"target\":[\"https:\\\/\\\/projectorigin.coffee\\\/product\\\/hon-sasa-sestic-finca-beti-geisha-washed\\\/\"]}]},{\"@type\":\"BreadcrumbList\",\"@id\":\"https:\\\/\\\/projectorigin.coffee\\\/product\\\/hon-sasa-sestic-finca-beti-geisha-washed\\\/#breadcrumb\",\"itemListElement\":[{\"@type\":\"ListItem\",\"position\":1,\"name\":\"Home\",\"item\":\"https:\\\/\\\/projectorigin.coffee\\\/\"},{\"@type\":\"ListItem\",\"position\":2,\"name\":\"Product List\",\"item\":\"https:\\\/\\\/projectorigin.coffee\\\/product-list\\\/\"},{\"@type\":\"ListItem\",\"position\":3,\"name\":\"Hon Sasa Sestic, Finca Beti Geisha Washed\"}]},{\"@type\":\"WebSite\",\"@id\":\"https:\\\/\\\/projectorigin.coffee\\\/#website\",\"url\":\"https:\\\/\\\/projectorigin.coffee\\\/\",\"name\":\"Project Origin\",\"description\":\"Specialty green coffee beans in Australia and worldwide.\",\"publisher\":{\"@id\":\"https:\\\/\\\/projectorigin.coffee\\\/#organization\"},\"potentialAction\":[{\"@type\":\"SearchAction\",\"target\":{\"@type\":\"EntryPoint\",\"urlTemplate\":\"https:\\\/\\\/projectorigin.coffee\\\/?s={search_term_string}\"},\"query-input\":{\"@type\":\"PropertyValueSpecification\",\"valueRequired\":true,\"valueName\":\"search_term_string\"}}],\"inLanguage\":\"es-CO\"},{\"@type\":\"Organization\",\"@id\":\"https:\\\/\\\/projectorigin.coffee\\\/#organization\",\"name\":\"Project Origin\",\"url\":\"https:\\\/\\\/projectorigin.coffee\\\/\",\"logo\":{\"@type\":\"ImageObject\",\"inLanguage\":\"es-CO\",\"@id\":\"https:\\\/\\\/projectorigin.coffee\\\/#\\\/schema\\\/logo\\\/image\\\/\",\"url\":\"https:\\\/\\\/projectorigin.coffee\\\/wp-content\\\/uploads\\\/2021\\\/12\\\/PO-Logo-10-Green.svg\",\"contentUrl\":\"https:\\\/\\\/projectorigin.coffee\\\/wp-content\\\/uploads\\\/2021\\\/12\\\/PO-Logo-10-Green.svg\",\"width\":165,\"height\":151,\"caption\":\"Project Origin\"},\"image\":{\"@id\":\"https:\\\/\\\/projectorigin.coffee\\\/#\\\/schema\\\/logo\\\/image\\\/\"}}]}<\/script>\n<!-- \/ Yoast SEO plugin. -->","yoast_head_json":{"title":"Hon Sasa Sestic, Finca Beti Geisha Washed - Project Origin","description":"{\"id\":3093,\"attribute_value_ids\":,\"product_tmpl_id\":1568,\"attribute_line_ids\":,\"description\":\"https:\/\/projectorigin.coffee\/finca-beti\/\",\"name\":\"Hon Sasa","robots":{"index":"index","follow":"follow","max-snippet":"max-snippet:-1","max-image-preview":"max-image-preview:large","max-video-preview":"max-video-preview:-1"},"canonical":"https:\/\/projectorigin.coffee\/es\/producto\/hon-sasa-sestic-finca-beti-geisha-washed\/","og_locale":"es_ES","og_type":"article","og_title":"Hon Sasa Sestic, Finca Beti Geisha Washed - Project Origin","og_description":"{\"id\":3093,\"attribute_value_ids\":,\"product_tmpl_id\":1568,\"attribute_line_ids\":,\"description\":\"https:\/\/projectorigin.coffee\/finca-beti\/\",\"name\":\"Hon Sasa","og_url":"https:\/\/projectorigin.coffee\/es\/producto\/hon-sasa-sestic-finca-beti-geisha-washed\/","og_site_name":"Project Origin","article_modified_time":"2024-11-05T00:40:37+00:00","twitter_card":"summary_large_image","twitter_misc":{"Tiempo de lectura":"1 minuto"},"schema":{"@context":"https:\/\/schema.org","@graph":[{"@type":"WebPage","@id":"https:\/\/projectorigin.coffee\/product\/hon-sasa-sestic-finca-beti-geisha-washed\/","url":"https:\/\/projectorigin.coffee\/product\/hon-sasa-sestic-finca-beti-geisha-washed\/","name":"Hon Sasa Sestic, Finca Beti Geisha Washed - Project Origin","isPartOf":{"@id":"https:\/\/projectorigin.coffee\/#website"},"datePublished":"2022-05-04T13:58:30+00:00","dateModified":"2024-11-05T00:40:37+00:00","description":"{\"id\":3093,\"attribute_value_ids\":,\"product_tmpl_id\":1568,\"attribute_line_ids\":,\"description\":\"https:\/\/projectorigin.coffee\/finca-beti\/\",\"name\":\"Hon Sasa","breadcrumb":{"@id":"https:\/\/projectorigin.coffee\/product\/hon-sasa-sestic-finca-beti-geisha-washed\/#breadcrumb"},"inLanguage":"es-CO","potentialAction":[{"@type":"ReadAction","target":["https:\/\/projectorigin.coffee\/product\/hon-sasa-sestic-finca-beti-geisha-washed\/"]}]},{"@type":"BreadcrumbList","@id":"https:\/\/projectorigin.coffee\/product\/hon-sasa-sestic-finca-beti-geisha-washed\/#breadcrumb","itemListElement":[{"@type":"ListItem","position":1,"name":"Home","item":"https:\/\/projectorigin.coffee\/"},{"@type":"ListItem","position":2,"name":"Product List","item":"https:\/\/projectorigin.coffee\/product-list\/"},{"@type":"ListItem","position":3,"name":"Hon Sasa Sestic, Finca Beti Geisha Washed"}]},{"@type":"WebSite","@id":"https:\/\/projectorigin.coffee\/#website","url":"https:\/\/projectorigin.coffee\/","name":"Origen del proyecto","description":"Granos de caf\u00e9 verde especiales en Australia y en todo el mundo.","publisher":{"@id":"https:\/\/projectorigin.coffee\/#organization"},"potentialAction":[{"@type":"SearchAction","target":{"@type":"EntryPoint","urlTemplate":"https:\/\/projectorigin.coffee\/?s={search_term_string}"},"query-input":{"@type":"PropertyValueSpecification","valueRequired":true,"valueName":"search_term_string"}}],"inLanguage":"es-CO"},{"@type":"Organization","@id":"https:\/\/projectorigin.coffee\/#organization","name":"Origen del proyecto","url":"https:\/\/projectorigin.coffee\/","logo":{"@type":"ImageObject","inLanguage":"es-CO","@id":"https:\/\/projectorigin.coffee\/#\/schema\/logo\/image\/","url":"https:\/\/projectorigin.coffee\/wp-content\/uploads\/2021\/12\/PO-Logo-10-Green.svg","contentUrl":"https:\/\/projectorigin.coffee\/wp-content\/uploads\/2021\/12\/PO-Logo-10-Green.svg","width":165,"height":151,"caption":"Project Origin"},"image":{"@id":"https:\/\/projectorigin.coffee\/#\/schema\/logo\/image\/"}}]}},"_links":{"self":[{"href":"https:\/\/projectorigin.coffee\/es\/wp-json\/wp\/v2\/product\/18573","targetHints":{"allow":["GET"]}}],"collection":[{"href":"https:\/\/projectorigin.coffee\/es\/wp-json\/wp\/v2\/product"}],"about":[{"href":"https:\/\/projectorigin.coffee\/es\/wp-json\/wp\/v2\/types\/product"}],"version-history":[{"count":1,"href":"https:\/\/projectorigin.coffee\/es\/wp-json\/wp\/v2\/product\/18573\/revisions"}],"predecessor-version":[{"id":76445,"href":"https:\/\/projectorigin.coffee\/es\/wp-json\/wp\/v2\/product\/18573\/revisions\/76445"}],"wp:attachment":[{"href":"https:\/\/projectorigin.coffee\/es\/wp-json\/wp\/v2\/media?parent=18573"}],"wp:term":[{"taxonomy":"product_brand","embeddable":true,"href":"https:\/\/projectorigin.coffee\/es\/wp-json\/wp\/v2\/product_brand?post=18573"},{"taxonomy":"product_cat","embeddable":true,"href":"https:\/\/projectorigin.coffee\/es\/wp-json\/wp\/v2\/product_cat?post=18573"},{"taxonomy":"product_tag","embeddable":true,"href":"https:\/\/projectorigin.coffee\/es\/wp-json\/wp\/v2\/product_tag?post=18573"}],"curies":[{"name":"wp","href":"https:\/\/api.w.org\/{rel}","templated":true}]}}