{"id":55904,"date":"2022-11-23T15:52:48","date_gmt":"2022-11-23T04:52:48","guid":{"rendered":"https:\/\/projectorigin.coffee\/?post_type=product&#038;p=55904"},"modified":"2023-12-07T08:42:33","modified_gmt":"2023-12-06T21:42:33","slug":"the-coffee-man-book-by-sasa-sestic","status":"publish","type":"product","link":"https:\/\/projectorigin.coffee\/ja\/product\/the-coffee-man-book-by-sasa-sestic\/","title":{"rendered":"The Coffee Man Book, by Sa\u0161a \u0160esti\u0107"},"content":{"rendered":"","protected":false},"excerpt":{"rendered":"<div class=\"details-img\">The story of how it all began, and more. Our founder Sa\u0161a \u0160esti\u0107 has put it all right here &#8211; his introduction to some extraordinary coffee producers, his learnings around coffee growing and production, and some of the ways in which he and his team have elevated our knowledge and connectivity in this industry. This book connected Project Origin with producers such as David Ngibuini at Maguta Estate, Kenya, and helped inspire producers, farmers, competitors, baristas, roasters and consumers, all around the world.<\/div>","protected":false},"featured_media":56025,"template":"","meta":{"_acf_changed":false,"_eb_attr":""},"product_brand":[],"product_cat":[93,81],"product_tag":[],"class_list":{"0":"post-55904","1":"product","2":"type-product","3":"status-publish","4":"has-post-thumbnail","6":"product_cat-books","7":"product_cat-merch","8":"product_shipping_class-merch","9":"pa_size-large","10":"pa_size-medium","11":"pa_size-small","12":"pa_size-x-large","13":"pa_size-xs","14":"pa_size-xx-small","16":"first","17":"instock","18":"taxable","19":"shipping-taxable","20":"purchasable","21":"product-type-simple"},"acf":{"coffee_name_japan":null,"new":null,"farm_info_files":null,"origin_japan":null,"product_label_Japan":null,"year_Japan":null,"cupping_notes_Japan":null},"yoast_head":"<!-- This site is optimized with the Yoast SEO plugin v27.4 - https:\/\/yoast.com\/product\/yoast-seo-wordpress\/ -->\n<title>The Coffee Man Book, by Sa\u0161a \u0160esti\u0107 - Project Origin<\/title>\n<meta name=\"description\" content=\"The story of how it all began, and more. Our founder Sa\u0161a \u0160esti\u0107 has put it all right here - his introduction to some extraordinary coffee producers, his learnings around coffee growing and production, and some of the ways in which he and his team have elevated our knowledge and connectivity in this industry. This book connected Project Origin with producers such as David Ngibuini at Maguta Estate, Kenya, and helped inspire producers, farmers, competitors, baristas, roasters and consumers, all around the world.\" \/>\n<meta name=\"robots\" content=\"index, follow, max-snippet:-1, max-image-preview:large, max-video-preview:-1\" \/>\n<link rel=\"canonical\" href=\"https:\/\/projectorigin.coffee\/ja\/product\/the-coffee-man-book-by-sasa-sestic\/\" \/>\n<meta property=\"og:locale\" content=\"ja_JP\" \/>\n<meta property=\"og:type\" content=\"article\" \/>\n<meta property=\"og:title\" content=\"The Coffee Man Book, by Sa\u0161a \u0160esti\u0107 - Project Origin\" \/>\n<meta property=\"og:description\" content=\"The story of how it all began, and more. Our founder Sa\u0161a \u0160esti\u0107 has put it all right here - his introduction to some extraordinary coffee producers, his learnings around coffee growing and production, and some of the ways in which he and his team have elevated our knowledge and connectivity in this industry. This book connected Project Origin with producers such as David Ngibuini at Maguta Estate, Kenya, and helped inspire producers, farmers, competitors, baristas, roasters and consumers, all around the world.\" \/>\n<meta property=\"og:url\" content=\"https:\/\/projectorigin.coffee\/ja\/product\/the-coffee-man-book-by-sasa-sestic\/\" \/>\n<meta property=\"og:site_name\" content=\"Project Origin\" \/>\n<meta property=\"article:modified_time\" content=\"2023-12-06T21:42:33+00:00\" \/>\n<meta property=\"og:image\" content=\"https:\/\/projectorigin.coffee\/wp-content\/uploads\/2022\/11\/Coffee-Man-Book.png\" \/>\n\t<meta property=\"og:image:width\" content=\"1000\" \/>\n\t<meta property=\"og:image:height\" content=\"1000\" \/>\n\t<meta property=\"og:image:type\" content=\"image\/png\" \/>\n<meta name=\"twitter:card\" content=\"summary_large_image\" \/>\n<script type=\"application\/ld+json\" class=\"yoast-schema-graph\">{\"@context\":\"https:\\\/\\\/schema.org\",\"@graph\":[{\"@type\":\"WebPage\",\"@id\":\"https:\\\/\\\/projectorigin.coffee\\\/product\\\/the-coffee-man-book-by-sasa-sestic\\\/\",\"url\":\"https:\\\/\\\/projectorigin.coffee\\\/product\\\/the-coffee-man-book-by-sasa-sestic\\\/\",\"name\":\"The Coffee Man Book, by Sa\u0161a \u0160esti\u0107 - Project Origin\",\"isPartOf\":{\"@id\":\"https:\\\/\\\/projectorigin.coffee\\\/#website\"},\"primaryImageOfPage\":{\"@id\":\"https:\\\/\\\/projectorigin.coffee\\\/product\\\/the-coffee-man-book-by-sasa-sestic\\\/#primaryimage\"},\"image\":{\"@id\":\"https:\\\/\\\/projectorigin.coffee\\\/product\\\/the-coffee-man-book-by-sasa-sestic\\\/#primaryimage\"},\"thumbnailUrl\":\"https:\\\/\\\/projectorigin.coffee\\\/wp-content\\\/uploads\\\/2022\\\/11\\\/Coffee-Man-Book.png\",\"datePublished\":\"2022-11-23T04:52:48+00:00\",\"dateModified\":\"2023-12-06T21:42:33+00:00\",\"description\":\"The story of how it all began, and more. Our founder Sa\u0161a \u0160esti\u0107 has put it all right here - his introduction to some extraordinary coffee producers, his learnings around coffee growing and production, and some of the ways in which he and his team have elevated our knowledge and connectivity in this industry. This book connected Project Origin with producers such as David Ngibuini at Maguta Estate, Kenya, and helped inspire producers, farmers, competitors, baristas, roasters and consumers, all around the world.\",\"breadcrumb\":{\"@id\":\"https:\\\/\\\/projectorigin.coffee\\\/product\\\/the-coffee-man-book-by-sasa-sestic\\\/#breadcrumb\"},\"inLanguage\":\"ja\",\"potentialAction\":[{\"@type\":\"ReadAction\",\"target\":[\"https:\\\/\\\/projectorigin.coffee\\\/product\\\/the-coffee-man-book-by-sasa-sestic\\\/\"]}]},{\"@type\":\"ImageObject\",\"inLanguage\":\"ja\",\"@id\":\"https:\\\/\\\/projectorigin.coffee\\\/product\\\/the-coffee-man-book-by-sasa-sestic\\\/#primaryimage\",\"url\":\"https:\\\/\\\/projectorigin.coffee\\\/wp-content\\\/uploads\\\/2022\\\/11\\\/Coffee-Man-Book.png\",\"contentUrl\":\"https:\\\/\\\/projectorigin.coffee\\\/wp-content\\\/uploads\\\/2022\\\/11\\\/Coffee-Man-Book.png\",\"width\":1000,\"height\":1000,\"caption\":\"Hardcover The Coffee Man Book by Sasa Sestic\"},{\"@type\":\"BreadcrumbList\",\"@id\":\"https:\\\/\\\/projectorigin.coffee\\\/product\\\/the-coffee-man-book-by-sasa-sestic\\\/#breadcrumb\",\"itemListElement\":[{\"@type\":\"ListItem\",\"position\":1,\"name\":\"Home\",\"item\":\"https:\\\/\\\/projectorigin.coffee\\\/\"},{\"@type\":\"ListItem\",\"position\":2,\"name\":\"Product List\",\"item\":\"https:\\\/\\\/projectorigin.coffee\\\/product-list\\\/\"},{\"@type\":\"ListItem\",\"position\":3,\"name\":\"The Coffee Man Book, by Sa\u0161a \u0160esti\u0107\"}]},{\"@type\":\"WebSite\",\"@id\":\"https:\\\/\\\/projectorigin.coffee\\\/#website\",\"url\":\"https:\\\/\\\/projectorigin.coffee\\\/\",\"name\":\"Project Origin\",\"description\":\"Specialty green coffee beans in Australia and worldwide.\",\"publisher\":{\"@id\":\"https:\\\/\\\/projectorigin.coffee\\\/#organization\"},\"potentialAction\":[{\"@type\":\"SearchAction\",\"target\":{\"@type\":\"EntryPoint\",\"urlTemplate\":\"https:\\\/\\\/projectorigin.coffee\\\/?s={search_term_string}\"},\"query-input\":{\"@type\":\"PropertyValueSpecification\",\"valueRequired\":true,\"valueName\":\"search_term_string\"}}],\"inLanguage\":\"ja\"},{\"@type\":\"Organization\",\"@id\":\"https:\\\/\\\/projectorigin.coffee\\\/#organization\",\"name\":\"Project Origin\",\"url\":\"https:\\\/\\\/projectorigin.coffee\\\/\",\"logo\":{\"@type\":\"ImageObject\",\"inLanguage\":\"ja\",\"@id\":\"https:\\\/\\\/projectorigin.coffee\\\/#\\\/schema\\\/logo\\\/image\\\/\",\"url\":\"https:\\\/\\\/projectorigin.coffee\\\/wp-content\\\/uploads\\\/2021\\\/12\\\/PO-Logo-10-Green.svg\",\"contentUrl\":\"https:\\\/\\\/projectorigin.coffee\\\/wp-content\\\/uploads\\\/2021\\\/12\\\/PO-Logo-10-Green.svg\",\"width\":165,\"height\":151,\"caption\":\"Project Origin\"},\"image\":{\"@id\":\"https:\\\/\\\/projectorigin.coffee\\\/#\\\/schema\\\/logo\\\/image\\\/\"}}]}<\/script>\n<!-- \/ Yoast SEO plugin. -->","yoast_head_json":{"title":"The Coffee Man Book, by Sa\u0161a \u0160esti\u0107 - Project Origin","description":"The story of how it all began, and more. Our founder Sa\u0161a \u0160esti\u0107 has put it all right here - his introduction to some extraordinary coffee producers, his learnings around coffee growing and production, and some of the ways in which he and his team have elevated our knowledge and connectivity in this industry. This book connected Project Origin with producers such as David Ngibuini at Maguta Estate, Kenya, and helped inspire producers, farmers, competitors, baristas, roasters and consumers, all around the world.","robots":{"index":"index","follow":"follow","max-snippet":"max-snippet:-1","max-image-preview":"max-image-preview:large","max-video-preview":"max-video-preview:-1"},"canonical":"https:\/\/projectorigin.coffee\/ja\/product\/the-coffee-man-book-by-sasa-sestic\/","og_locale":"ja_JP","og_type":"article","og_title":"The Coffee Man Book, by Sa\u0161a \u0160esti\u0107 - Project Origin","og_description":"The story of how it all began, and more. Our founder Sa\u0161a \u0160esti\u0107 has put it all right here - his introduction to some extraordinary coffee producers, his learnings around coffee growing and production, and some of the ways in which he and his team have elevated our knowledge and connectivity in this industry. This book connected Project Origin with producers such as David Ngibuini at Maguta Estate, Kenya, and helped inspire producers, farmers, competitors, baristas, roasters and consumers, all around the world.","og_url":"https:\/\/projectorigin.coffee\/ja\/product\/the-coffee-man-book-by-sasa-sestic\/","og_site_name":"Project Origin","article_modified_time":"2023-12-06T21:42:33+00:00","og_image":[{"width":1000,"height":1000,"url":"https:\/\/projectorigin.coffee\/wp-content\/uploads\/2022\/11\/Coffee-Man-Book.png","type":"image\/png"}],"twitter_card":"summary_large_image","schema":{"@context":"https:\/\/schema.org","@graph":[{"@type":"WebPage","@id":"https:\/\/projectorigin.coffee\/product\/the-coffee-man-book-by-sasa-sestic\/","url":"https:\/\/projectorigin.coffee\/product\/the-coffee-man-book-by-sasa-sestic\/","name":"The Coffee Man Book, by Sa\u0161a \u0160esti\u0107 - Project Origin","isPartOf":{"@id":"https:\/\/projectorigin.coffee\/#website"},"primaryImageOfPage":{"@id":"https:\/\/projectorigin.coffee\/product\/the-coffee-man-book-by-sasa-sestic\/#primaryimage"},"image":{"@id":"https:\/\/projectorigin.coffee\/product\/the-coffee-man-book-by-sasa-sestic\/#primaryimage"},"thumbnailUrl":"https:\/\/projectorigin.coffee\/wp-content\/uploads\/2022\/11\/Coffee-Man-Book.png","datePublished":"2022-11-23T04:52:48+00:00","dateModified":"2023-12-06T21:42:33+00:00","description":"The story of how it all began, and more. Our founder Sa\u0161a \u0160esti\u0107 has put it all right here - his introduction to some extraordinary coffee producers, his learnings around coffee growing and production, and some of the ways in which he and his team have elevated our knowledge and connectivity in this industry. This book connected Project Origin with producers such as David Ngibuini at Maguta Estate, Kenya, and helped inspire producers, farmers, competitors, baristas, roasters and consumers, all around the world.","breadcrumb":{"@id":"https:\/\/projectorigin.coffee\/product\/the-coffee-man-book-by-sasa-sestic\/#breadcrumb"},"inLanguage":"ja","potentialAction":[{"@type":"ReadAction","target":["https:\/\/projectorigin.coffee\/product\/the-coffee-man-book-by-sasa-sestic\/"]}]},{"@type":"ImageObject","inLanguage":"ja","@id":"https:\/\/projectorigin.coffee\/product\/the-coffee-man-book-by-sasa-sestic\/#primaryimage","url":"https:\/\/projectorigin.coffee\/wp-content\/uploads\/2022\/11\/Coffee-Man-Book.png","contentUrl":"https:\/\/projectorigin.coffee\/wp-content\/uploads\/2022\/11\/Coffee-Man-Book.png","width":1000,"height":1000,"caption":"Hardcover The Coffee Man Book by Sasa Sestic"},{"@type":"BreadcrumbList","@id":"https:\/\/projectorigin.coffee\/product\/the-coffee-man-book-by-sasa-sestic\/#breadcrumb","itemListElement":[{"@type":"ListItem","position":1,"name":"Home","item":"https:\/\/projectorigin.coffee\/"},{"@type":"ListItem","position":2,"name":"Product List","item":"https:\/\/projectorigin.coffee\/product-list\/"},{"@type":"ListItem","position":3,"name":"The Coffee Man Book, by Sa\u0161a \u0160esti\u0107"}]},{"@type":"WebSite","@id":"https:\/\/projectorigin.coffee\/#website","url":"https:\/\/projectorigin.coffee\/","name":"\u30d7\u30ed\u30b8\u30a7\u30af\u30c8\u306e\u8d77\u6e90","description":"\u30aa\u30fc\u30b9\u30c8\u30e9\u30ea\u30a2\u304a\u3088\u3073\u4e16\u754c\u4e2d\u306e\u30b9\u30da\u30b7\u30e3\u30eb\u30c6\u30a3\u751f\u30b3\u30fc\u30d2\u30fc\u8c46\u3002","publisher":{"@id":"https:\/\/projectorigin.coffee\/#organization"},"potentialAction":[{"@type":"SearchAction","target":{"@type":"EntryPoint","urlTemplate":"https:\/\/projectorigin.coffee\/?s={search_term_string}"},"query-input":{"@type":"PropertyValueSpecification","valueRequired":true,"valueName":"search_term_string"}}],"inLanguage":"ja"},{"@type":"Organization","@id":"https:\/\/projectorigin.coffee\/#organization","name":"\u30d7\u30ed\u30b8\u30a7\u30af\u30c8\u306e\u8d77\u6e90","url":"https:\/\/projectorigin.coffee\/","logo":{"@type":"ImageObject","inLanguage":"ja","@id":"https:\/\/projectorigin.coffee\/#\/schema\/logo\/image\/","url":"https:\/\/projectorigin.coffee\/wp-content\/uploads\/2021\/12\/PO-Logo-10-Green.svg","contentUrl":"https:\/\/projectorigin.coffee\/wp-content\/uploads\/2021\/12\/PO-Logo-10-Green.svg","width":165,"height":151,"caption":"Project Origin"},"image":{"@id":"https:\/\/projectorigin.coffee\/#\/schema\/logo\/image\/"}}]}},"_links":{"self":[{"href":"https:\/\/projectorigin.coffee\/ja\/wp-json\/wp\/v2\/product\/55904","targetHints":{"allow":["GET"]}}],"collection":[{"href":"https:\/\/projectorigin.coffee\/ja\/wp-json\/wp\/v2\/product"}],"about":[{"href":"https:\/\/projectorigin.coffee\/ja\/wp-json\/wp\/v2\/types\/product"}],"version-history":[{"count":0,"href":"https:\/\/projectorigin.coffee\/ja\/wp-json\/wp\/v2\/product\/55904\/revisions"}],"wp:featuredmedia":[{"embeddable":true,"href":"https:\/\/projectorigin.coffee\/ja\/wp-json\/wp\/v2\/media\/56025"}],"wp:attachment":[{"href":"https:\/\/projectorigin.coffee\/ja\/wp-json\/wp\/v2\/media?parent=55904"}],"wp:term":[{"taxonomy":"product_brand","embeddable":true,"href":"https:\/\/projectorigin.coffee\/ja\/wp-json\/wp\/v2\/product_brand?post=55904"},{"taxonomy":"product_cat","embeddable":true,"href":"https:\/\/projectorigin.coffee\/ja\/wp-json\/wp\/v2\/product_cat?post=55904"},{"taxonomy":"product_tag","embeddable":true,"href":"https:\/\/projectorigin.coffee\/ja\/wp-json\/wp\/v2\/product_tag?post=55904"}],"curies":[{"name":"wp","href":"https:\/\/api.w.org\/{rel}","templated":true}]}}